{"id":84,"date":"2026-04-12T13:37:12","date_gmt":"2026-04-12T11:37:12","guid":{"rendered":"http:\/\/2026.tree-inspection-technologies.de\/?page_id=84"},"modified":"2026-04-23T21:41:39","modified_gmt":"2026-04-23T19:41:39","slug":"impressum","status":"publish","type":"page","link":"https:\/\/2026.tree-inspection-technologies.de\/englisch\/impressum\/","title":{"rendered":"Legal Notice"},"content":{"rendered":"<div data-elementor-type=\"wp-page\" data-elementor-id=\"84\" class=\"elementor elementor-84\">\n\t\t\t\t<div class=\"elementor-element elementor-element-6ad5416 e-flex e-con-boxed wpr-particle-no wpr-jarallax-no wpr-parallax-no wpr-sticky-section-no wpr-equal-height-no e-con e-parent\" data-id=\"6ad5416\" data-element_type=\"container\" data-e-type=\"container\">\n\t\t\t\t\t<div class=\"e-con-inner\">\n\t\t\t\t<div class=\"elementor-element elementor-element-c45726f elementor-widget elementor-widget-heading\" data-id=\"c45726f\" data-element_type=\"widget\" data-e-type=\"widget\" data-widget_type=\"heading.default\">\n\t\t\t\t\t<h1 class=\"elementor-heading-title elementor-size-default\">Legal Notice<\/h1>\t\t\t\t<\/div>\n\t\t\t\t\t<\/div>\n\t\t\t\t<\/div>\n\t\t<div class=\"elementor-element elementor-element-b7bf552 e-flex e-con-boxed wpr-particle-no wpr-jarallax-no wpr-parallax-no wpr-sticky-section-no wpr-equal-height-no e-con e-parent\" data-id=\"b7bf552\" data-element_type=\"container\" data-e-type=\"container\">\n\t\t\t\t\t<div class=\"e-con-inner\">\n\t\t\t\t<div class=\"elementor-element elementor-element-cc0d53b elementor-widget elementor-widget-text-editor\" data-id=\"cc0d53b\" data-element_type=\"widget\" data-e-type=\"widget\" data-widget_type=\"text-editor.default\">\n\t\t\t\t\t\t\t\t\t<p>Lothar G\u00f6cke<br \/>CEO<br \/>Schwaaner Landstra\u00dfe 35e<br \/>ZIP code: 18059 City: Rostock country: Germany<\/p><h5>Contact<\/h5><p>phone: +49 172 3874450\u202c<br \/>E-Mail: mail@tree-inspection-technologies.de<\/p><h5>VAT ID<\/h5><p>Value Added Tax Identification Number according to Section 27a of the German Value Added Tax Act:<br \/>DE460026643<\/p><h5>Responsible for Editorial Content<\/h5><p>Lothar G\u00f6cke<\/p><h5>Consumer Dispute Resolution \/ Universal Arbitration Board<\/h5><p>We are not willing or obliged to participate in dispute resolution proceedings before a consumer arbitration board.<\/p>\t\t\t\t\t\t\t\t<\/div>\n\t\t\t\t\t<\/div>\n\t\t\t\t<\/div>\n\t\t\t\t<\/div>","protected":false},"excerpt":{"rendered":"<p>Impressum Lothar G\u00f6ckeGesch\u00e4ftsf\u00fchrerSchwaaner Landstra\u00dfe 35e18059 Rostock Kontakt Telefon: \u202d+49 172 3874450\u202cE-Mail: mail@tree-inspection-technologies.de Umsatzsteuer-ID Umsatzsteuer-Identifikationsnummer gem\u00e4\u00df \u00a7 27 a Umsatzsteuergesetz:DE460026643 Redaktionell verantwortlich Lothar G\u00f6cke Verbraucher\u00adstreit\u00adbeilegung\/Universal\u00adschlichtungs\u00adstelle Wir sind nicht bereit oder verpflichtet, an Streitbeilegungsverfahren vor einer Verbraucherschlichtungsstelle teilzunehmen.<\/p>","protected":false},"author":1,"featured_media":0,"parent":0,"menu_order":0,"comment_status":"closed","ping_status":"closed","template":"","meta":{"footnotes":""},"class_list":["post-84","page","type-page","status-publish","hentry"],"_links":{"self":[{"href":"https:\/\/2026.tree-inspection-technologies.de\/englisch\/wp-json\/wp\/v2\/pages\/84","targetHints":{"allow":["GET"]}}],"collection":[{"href":"https:\/\/2026.tree-inspection-technologies.de\/englisch\/wp-json\/wp\/v2\/pages"}],"about":[{"href":"https:\/\/2026.tree-inspection-technologies.de\/englisch\/wp-json\/wp\/v2\/types\/page"}],"author":[{"embeddable":true,"href":"https:\/\/2026.tree-inspection-technologies.de\/englisch\/wp-json\/wp\/v2\/users\/1"}],"replies":[{"embeddable":true,"href":"https:\/\/2026.tree-inspection-technologies.de\/englisch\/wp-json\/wp\/v2\/comments?post=84"}],"version-history":[{"count":10,"href":"https:\/\/2026.tree-inspection-technologies.de\/englisch\/wp-json\/wp\/v2\/pages\/84\/revisions"}],"predecessor-version":[{"id":164,"href":"https:\/\/2026.tree-inspection-technologies.de\/englisch\/wp-json\/wp\/v2\/pages\/84\/revisions\/164"}],"wp:attachment":[{"href":"https:\/\/2026.tree-inspection-technologies.de\/englisch\/wp-json\/wp\/v2\/media?parent=84"}],"curies":[{"name":"wp","href":"https:\/\/api.w.org\/{rel}","templated":true}]}}